{"id":3691,"date":"2026-02-14T14:44:47","date_gmt":"2026-02-14T14:44:47","guid":{"rendered":"https:\/\/firstblacks.org\/?page_id=3691"},"modified":"2026-02-14T14:45:17","modified_gmt":"2026-02-14T14:45:17","slug":"fb-primary-064-manuscript","status":"publish","type":"page","link":"https:\/\/firstblacks.org\/spn\/manuscripts\/fb-primary-064-manuscript","title":{"rendered":"Manuscript No. 064"},"content":{"rendered":"<div data-elementor-type=\"wp-page\" data-elementor-id=\"3691\" class=\"elementor elementor-3691\" data-elementor-post-type=\"page\">\n\t\t\t\t<div class=\"elementor-element elementor-element-544ca7e e-flex e-con-boxed e-con e-parent\" data-id=\"544ca7e\" data-element_type=\"container\" data-settings=\"{&quot;background_background&quot;:&quot;classic&quot;}\">\n\t\t\t\t\t<div class=\"e-con-inner\">\n\t\t\t\t<div class=\"elementor-element elementor-element-525cec7 e-n-tabs-mobile elementor-widget elementor-widget-n-tabs\" data-id=\"525cec7\" data-element_type=\"widget\" data-settings=\"{&quot;horizontal_scroll&quot;:&quot;disable&quot;}\" data-widget_type=\"nested-tabs.default\">\n\t\t\t\t<div class=\"elementor-widget-container\">\n\t\t\t\t\t\t\t<div class=\"e-n-tabs\" data-widget-number=\"86363847\" aria-label=\"Pesta\u00f1as. Abre elementos con Intro o Espacio, ci\u00e9rralos con Escape y navega con las fechas.\" data-no-translation-aria-label=\"\">\n\t\t\t<div class=\"e-n-tabs-heading\" role=\"tablist\">\n\t\t\t\t\t<button id=\"e-n-tab-title-863638471\" class=\"e-n-tab-title\" aria-selected=\"true\" data-tab-index=\"1\" role=\"tab\" tabindex=\"0\" aria-controls=\"e-n-tab-content-863638471\" style=\"--n-tabs-title-order: 1;\">\n\t\t\t\t\t\t<span class=\"e-n-tab-title-text\">\n\t\t\t\tManuscript \t\t\t<\/span>\n\t\t<\/button>\n\t\t\t\t<button id=\"e-n-tab-title-863638472\" class=\"e-n-tab-title\" aria-selected=\"false\" data-tab-index=\"2\" role=\"tab\" tabindex=\"-1\" aria-controls=\"e-n-tab-content-863638472\" style=\"--n-tabs-title-order: 2;\">\n\t\t\t\t\t\t<span class=\"e-n-tab-title-text\">\n\t\t\t\tTranscription \t\t\t<\/span>\n\t\t<\/button>\n\t\t\t\t<button id=\"e-n-tab-title-863638473\" class=\"e-n-tab-title\" aria-selected=\"false\" data-tab-index=\"3\" role=\"tab\" tabindex=\"-1\" aria-controls=\"e-n-tab-content-863638473\" style=\"--n-tabs-title-order: 3;\">\n\t\t\t\t\t\t<span class=\"e-n-tab-title-text\">\n\t\t\t\tTranslation \t\t\t<\/span>\n\t\t<\/button>\n\t\t\t\t<button id=\"e-n-tab-title-863638474\" class=\"e-n-tab-title\" aria-selected=\"false\" data-tab-index=\"4\" role=\"tab\" tabindex=\"-1\" aria-controls=\"e-n-tab-content-863638474\" style=\"--n-tabs-title-order: 4;\">\n\t\t\t\t\t\t<span class=\"e-n-tab-title-text\">\n\t\t\t\tCommentary \t\t\t<\/span>\n\t\t<\/button>\n\t\t\t\t<button id=\"e-n-tab-title-863638475\" class=\"e-n-tab-title\" aria-selected=\"false\" data-tab-index=\"5\" role=\"tab\" tabindex=\"-1\" aria-controls=\"e-n-tab-content-863638475\" style=\"--n-tabs-title-order: 5;\">\n\t\t\t\t\t\t<span class=\"e-n-tab-title-text\">\n\t\t\t\tManuscript &amp; Transcription\t\t\t<\/span>\n\t\t<\/button>\n\t\t\t\t\t<\/div>\n\t\t\t<div class=\"e-n-tabs-content\">\n\t\t\t\t<div id=\"e-n-tab-content-863638471\" role=\"tabpanel\" aria-labelledby=\"e-n-tab-title-863638471\" data-tab-index=\"1\" style=\"--n-tabs-title-order: 1;\" class=\"e-active elementor-element elementor-element-a2f4ee7 e-con-full e-flex e-con e-child\" data-id=\"a2f4ee7\" data-element_type=\"container\">\n\t\t\t\t<div class=\"elementor-element elementor-element-58c5566 elementor-widget elementor-widget-text-editor\" data-id=\"58c5566\" data-element_type=\"widget\" data-widget_type=\"text-editor.default\">\n\t\t\t\t<div class=\"elementor-widget-container\">\n\t\t\t\t\t\t\t\t\t<p><strong>Date:\u00a0\u00a0\u00a0\u00a0 1527, June 28. Valladolid, Spain<\/strong><br \/><strong>Theme:\u00a0 In a letter to Mar\u00eda de Toledo, vicerein of La Espa\u00f1ola, the Spanish King (Charles V) mentions a previous\u00a0information received from the vicerein about an uprising of Blacks and natives in La Espa\u00f1ola.<\/strong><br \/><strong>Source:\u00a0<a href=\"http:\/\/pares.mcu.es\/\" target=\"_blank\" rel=\"noopener\">PARES, Portal de Archivos Espa\u00f1oles\u2014Archivo General de Indias, INDIFERENTE,421,L.12, F.135R-135V-2-Imagen N\u00fam: 2 \/ 2<\/a><\/strong><\/p>\t\t\t\t\t\t\t\t<\/div>\n\t\t\t\t<\/div>\n\t\t\t\t<div class=\"elementor-element elementor-element-8a8789d elementor-widget elementor-widget-html\" data-id=\"8a8789d\" data-element_type=\"widget\" data-widget_type=\"html.default\">\n\t\t\t\t<div class=\"elementor-widget-container\">\n\t\t\t\t\t<iframe src=\"http:\/\/firstblacks.org\/wp-content\/uploads\/2026\/02\/Manuscript-064.pdf\" width=\"100%\" height=\"600px\" style=\"border: none;\">\n    This browser does not support PDFs. Please download the PDF to view it: <a href=\"http:\/\/firstblacks.org\/wp-content\/uploads\/2026\/02\/Manuscript-064.pdf\">Download PDF<\/a>.\n<\/iframe>\t\t\t\t<\/div>\n\t\t\t\t<\/div>\n\t\t\t\t<\/div>\n\t\t<div id=\"e-n-tab-content-863638472\" role=\"tabpanel\" aria-labelledby=\"e-n-tab-title-863638472\" data-tab-index=\"2\" style=\"--n-tabs-title-order: 2;\" class=\"elementor-element elementor-element-054f8fa e-con-full e-flex e-con e-child\" data-id=\"054f8fa\" data-element_type=\"container\">\n\t\t<div class=\"elementor-element elementor-element-754cac1 e-flex e-con-boxed e-con e-child\" data-id=\"754cac1\" data-element_type=\"container\">\n\t\t\t\t\t<div class=\"e-con-inner\">\n\t\t\t\t<div class=\"elementor-element elementor-element-fff1fd1 elementor-widget elementor-widget-html\" data-id=\"fff1fd1\" data-element_type=\"widget\" data-widget_type=\"html.default\">\n\t\t\t\t<div class=\"elementor-widget-container\">\n\t\t\t\t\t<iframe src=\"http:\/\/firstblacks.org\/wp-content\/uploads\/2026\/02\/Transcription-064.pdf\" width=\"100%\" height=\"600px\" style=\"border: none;\">\n    This browser does not support PDFs. Please download the PDF to view it: <a href=\"http:\/\/firstblacks.org\/wp-content\/uploads\/2026\/02\/Transcription-064.pdf\">Download PDF<\/a>.\n<\/iframe>\t\t\t\t<\/div>\n\t\t\t\t<\/div>\n\t\t\t\t\t<\/div>\n\t\t\t\t<\/div>\n\t\t\t\t<\/div>\n\t\t<div id=\"e-n-tab-content-863638473\" role=\"tabpanel\" aria-labelledby=\"e-n-tab-title-863638473\" data-tab-index=\"3\" style=\"--n-tabs-title-order: 3;\" class=\"elementor-element elementor-element-53f5da6 e-con-full e-flex e-con e-child\" data-id=\"53f5da6\" data-element_type=\"container\">\n\t\t<div class=\"elementor-element elementor-element-9835558 e-flex e-con-boxed e-con e-child\" data-id=\"9835558\" data-element_type=\"container\">\n\t\t\t\t\t<div class=\"e-con-inner\">\n\t\t\t\t<div class=\"elementor-element elementor-element-2a1357d elementor-widget elementor-widget-text-editor\" data-id=\"2a1357d\" data-element_type=\"widget\" data-widget_type=\"text-editor.default\">\n\t\t\t\t<div class=\"elementor-widget-container\">\n\t\t\t\t\t\t\t\t\t<p><strong>Date:\u00a0\u00a0\u00a0\u00a0 1527, June 28. Valladolid, Spain.<\/strong><br \/><strong>Theme:\u00a0 In a letter to Mar\u00eda de Toledo, vicereine of La Espa\u00f1ola, the Spanish King (Charles V) mentions a previous\u00a0information received from the vicerein about an uprising of blacks and natives in La Espa\u00f1ola.<\/strong><br \/><strong>Source: PARES, Portal de Archivos Espa\u00f1oles\u2014Archivo General de Indias, INDIFERENTE,421,L.12, F.135R-135V-2-Imagen N\u00fam: 2 \/ 2\u00a0<\/strong><\/p><table border=\"0\" cellspacing=\"0\" cellpadding=\"0\"><tbody><tr><td valign=\"top\" width=\"150\"><p>[fo. 1352r.]<\/p><p>Response to the vicerein \/<br \/>of the Indies \/<\/p><p>\u00a0<\/p><\/td><td valign=\"top\" width=\"19\"><p>\u00a0\u00a0<\/p><p>r<\/p><\/td><td valign=\"top\" width=\"517\"><p>[\u2026]\u00a0<\/p><p>Do\u00f1a Mar\u00eda de Toledo, vicereine of the Espa\u00f1ola island and of the \/<br \/>other islands and mainland that were discovered by the \/<br \/>Admiral Don Christopher Columbus your father in law, and per his industry\/<br \/><br \/>[\u2026]\u00a0<\/p><\/td><\/tr><tr><td valign=\"top\" width=\"150\"><p>[fo. 135v.]<\/p><p>\u00a0<\/p><\/td><td valign=\"top\" width=\"19\"><p>r<\/p><\/td><td valign=\"top\" width=\"517\"><p>I reckon it as a service [\u00a0 ] that you have in alerting me \/<br \/>of what happened in the uprising of the blacks, and of the rest\u00a0 \/<br \/>that needs to be decided for its remedy and wellbeing \/<br \/>of that island and how, for there not being a head that mainly \/<br \/>were to address it, nothing is done or decided there as it is \/<br \/>convenient, I have mandated to designate Licenciado Ramirez \/<br \/>our president of that\u00a0<em>audiencia<\/em>\u00a0and bishop of Santo Domingo \/<br \/>and La Vega, who [ \u00a0] a person that fits, who will go very \/<br \/>soon, who will understand in this.\u00a0 You must, on my behalf, help and favor him \/<br \/>in everything that is convenient \/<br \/><br \/>[\u2026]<br \/><br \/>Valladolid, on twenty and eight days of the month of June of \/<br \/>one thousand and five hundred and twenty seven years. I the King. Certified. \/\u00a0<\/p><\/td><\/tr><\/tbody><\/table>\t\t\t\t\t\t\t\t<\/div>\n\t\t\t\t<\/div>\n\t\t\t\t\t<\/div>\n\t\t\t\t<\/div>\n\t\t\t\t<\/div>\n\t\t<div id=\"e-n-tab-content-863638474\" role=\"tabpanel\" aria-labelledby=\"e-n-tab-title-863638474\" data-tab-index=\"4\" style=\"--n-tabs-title-order: 4;\" class=\"elementor-element elementor-element-72fd97b e-flex e-con-boxed e-con e-child\" data-id=\"72fd97b\" data-element_type=\"container\">\n\t\t\t\t\t<div class=\"e-con-inner\">\n\t\t<div class=\"elementor-element elementor-element-d83e1c1 e-con-full e-flex e-con e-child\" data-id=\"d83e1c1\" data-element_type=\"container\">\n\t\t\t\t<div class=\"elementor-element elementor-element-ebe1251 elementor-widget elementor-widget-text-editor\" data-id=\"ebe1251\" data-element_type=\"widget\" data-widget_type=\"text-editor.default\">\n\t\t\t\t<div class=\"elementor-widget-container\">\n\t\t\t\t\t\t\t\t\t<p><strong>Date:\u00a0\u00a0\u00a0\u00a0 1527, June 28. Valladolid, Spain.<\/strong><br \/><strong>Theme:\u00a0 In a letter to Mar\u00eda de Toledo, vicerein of La Espa\u00f1ola, the Spanish King (Charles V) mentions a previous\u00a0information received from the vicerein about an uprising of blacks and natives in La Espa\u00f1ola.<\/strong><br \/><strong>Source: PARES, Portal de Archivos Espa\u00f1oles\u2014Archivo General de Indias, INDIFERENTE,421,L.12, F.135R-135V-2-Imagen N\u00fam: 2 \/ 2\u00a0<\/strong><\/p><p>By June 28, 1527, the King of Spain had been informed by vicerein Mar\u00eda de Toledo of an \u201cuprising of the blacks\u201d (\u201clevanctamiento de los negros\u201d) in La Espa\u00f1ola, probably a rebellion of enslaved blacks rather than a general rebellion of black people, that must have been serious enough as to merit a mention by Toledo in a prior correspondence. Toledo apparently had also suggested measures to \u201cremedy\u201d the situation, while arguing that \u201cbecause there is no authority that primarily deals with it, nothing is done nor provided there [in La Espa\u00f1ola] as it would be convenient.\u201d<br \/><br \/>In response to the concern the King announced in his letter that he had just appointed Licenciado Ramirez, bishop of Santo Domingo and La Vega, as president of the Audiencia and that the latter would be departing from Spain to La Espa\u00f1ola soon to deal with the issue.<br \/><br \/>We do not know yet the exact time when this rebellion of black slaves took place, but considering the lapse of communication between the colony and the metropolis, it could have been sometime in the winter of 1526-1527 or earlier. As we will see, the King referred again to this event in another letter to Mar\u00eda de Toledo sent in the following month of July.<\/p>\t\t\t\t\t\t\t\t<\/div>\n\t\t\t\t<\/div>\n\t\t\t\t<\/div>\n\t\t\t\t\t<\/div>\n\t\t\t\t<\/div>\n\t\t<div id=\"e-n-tab-content-863638475\" role=\"tabpanel\" aria-labelledby=\"e-n-tab-title-863638475\" data-tab-index=\"5\" style=\"--n-tabs-title-order: 5;\" class=\"elementor-element elementor-element-4f52619 e-flex e-con-boxed e-con e-child\" data-id=\"4f52619\" data-element_type=\"container\">\n\t\t\t\t\t<div class=\"e-con-inner\">\n\t\t\t\t<div class=\"elementor-element elementor-element-860af07 elementor-widget elementor-widget-html\" data-id=\"860af07\" data-element_type=\"widget\" data-widget_type=\"html.default\">\n\t\t\t\t<div class=\"elementor-widget-container\">\n\t\t\t\t\t<iframe src=\"http:\/\/firstblacks.org\/wp-content\/uploads\/2026\/02\/Manuscript-Transcription-064.pdf\" width=\"100%\" height=\"600px\" style=\"border: none;\">\n    This browser does not support PDFs. Please download the PDF to view it: <a href=\"http:\/\/firstblacks.org\/wp-content\/uploads\/2026\/02\/Manuscript-Transcription-064.pdf\">Download PDF<\/a>.\n<\/iframe>\t\t\t\t<\/div>\n\t\t\t\t<\/div>\n\t\t\t\t\t<\/div>\n\t\t\t\t<\/div>\n\t\t\t\t\t<\/div>\n\t\t<\/div>\n\t\t\t\t\t\t<\/div>\n\t\t\t\t<\/div>\n\t\t\t\t\t<\/div>\n\t\t\t\t<\/div>\n\t\t\t\t<\/div>","protected":false},"excerpt":{"rendered":"<p>Manuscript Transcription Translation Commentary Manuscript &amp; Transcription Date:\u00a0\u00a0\u00a0\u00a0 1527, June 28. Valladolid, SpainTheme:\u00a0 In a letter to Mar\u00eda de Toledo, vicerein of La Espa\u00f1ola, the Spanish King (Charles V) mentions a previous\u00a0information received from the vicerein about an uprising of Blacks and natives in La Espa\u00f1ola.Source:\u00a0PARES, Portal de Archivos Espa\u00f1oles\u2014Archivo General de Indias, INDIFERENTE,421,L.12, F.135R-135V-2-Imagen [&hellip;]<\/p>","protected":false},"author":1,"featured_media":0,"parent":2721,"menu_order":0,"comment_status":"closed","ping_status":"closed","template":"","meta":{"_acf_changed":false,"footnotes":""},"class_list":["post-3691","page","type-page","status-publish","hentry"],"acf":[],"yoast_head":"<!-- This site is optimized with the Yoast SEO plugin v27.2 - https:\/\/yoast.com\/product\/yoast-seo-wordpress\/ -->\n<title>Manuscript No. 064 - First Blacks in The Americas<\/title>\n<meta name=\"robots\" content=\"index, follow, max-snippet:-1, max-image-preview:large, max-video-preview:-1\" \/>\n<link rel=\"canonical\" href=\"https:\/\/firstblacks.org\/spn\/manuscripts\/fb-primary-064-manuscript\/\" \/>\n<meta property=\"og:locale\" content=\"es_ES\" \/>\n<meta property=\"og:type\" content=\"article\" \/>\n<meta property=\"og:title\" content=\"Manuscript No. 064 - First Blacks in The Americas\" \/>\n<meta property=\"og:description\" content=\"Manuscript Transcription Translation Commentary Manuscript &amp; Transcription Date:\u00a0\u00a0\u00a0\u00a0 1527, June 28. Valladolid, SpainTheme:\u00a0 In a letter to Mar\u00eda de Toledo, vicerein of La Espa\u00f1ola, the Spanish King (Charles V) mentions a previous\u00a0information received from the vicerein about an uprising of Blacks and natives in La Espa\u00f1ola.Source:\u00a0PARES, Portal de Archivos Espa\u00f1oles\u2014Archivo General de Indias, INDIFERENTE,421,L.12, F.135R-135V-2-Imagen [&hellip;]\" \/>\n<meta property=\"og:url\" content=\"https:\/\/firstblacks.org\/spn\/manuscripts\/fb-primary-064-manuscript\/\" \/>\n<meta property=\"og:site_name\" content=\"First Blacks in The Americas\" \/>\n<meta property=\"article:modified_time\" content=\"2026-02-14T14:45:17+00:00\" \/>\n<meta name=\"twitter:card\" content=\"summary_large_image\" \/>\n<meta name=\"twitter:label1\" content=\"Tiempo de lectura\" \/>\n\t<meta name=\"twitter:data1\" content=\"6 minutos\" \/>\n<script type=\"application\/ld+json\" class=\"yoast-schema-graph\">{\"@context\":\"https:\/\/schema.org\",\"@graph\":[{\"@type\":\"WebPage\",\"@id\":\"https:\/\/firstblacks.org\/manuscripts\/fb-primary-064-manuscript\",\"url\":\"https:\/\/firstblacks.org\/manuscripts\/fb-primary-064-manuscript\",\"name\":\"Manuscript No. 064 - First Blacks in The Americas\",\"isPartOf\":{\"@id\":\"https:\/\/firstblacks.org\/en\/#website\"},\"datePublished\":\"2026-02-14T14:44:47+00:00\",\"dateModified\":\"2026-02-14T14:45:17+00:00\",\"breadcrumb\":{\"@id\":\"https:\/\/firstblacks.org\/manuscripts\/fb-primary-064-manuscript#breadcrumb\"},\"inLanguage\":\"es\",\"potentialAction\":[{\"@type\":\"ReadAction\",\"target\":[\"https:\/\/firstblacks.org\/manuscripts\/fb-primary-064-manuscript\"]}]},{\"@type\":\"BreadcrumbList\",\"@id\":\"https:\/\/firstblacks.org\/manuscripts\/fb-primary-064-manuscript#breadcrumb\",\"itemListElement\":[{\"@type\":\"ListItem\",\"position\":1,\"name\":\"Home\",\"item\":\"https:\/\/firstblacks.org\/\"},{\"@type\":\"ListItem\",\"position\":2,\"name\":\"Manuscripts\",\"item\":\"https:\/\/firstblacks.org\/manuscripts\"},{\"@type\":\"ListItem\",\"position\":3,\"name\":\"Manuscript No. 064\"}]},{\"@type\":\"WebSite\",\"@id\":\"https:\/\/firstblacks.org\/en\/#website\",\"url\":\"https:\/\/firstblacks.org\/en\/\",\"name\":\"First Blacks in The Americas\",\"description\":\"\",\"publisher\":{\"@id\":\"https:\/\/firstblacks.org\/en\/#organization\"},\"potentialAction\":[{\"@type\":\"SearchAction\",\"target\":{\"@type\":\"EntryPoint\",\"urlTemplate\":\"https:\/\/firstblacks.org\/en\/?s={search_term_string}\"},\"query-input\":{\"@type\":\"PropertyValueSpecification\",\"valueRequired\":true,\"valueName\":\"search_term_string\"}}],\"inLanguage\":\"es\"},{\"@type\":\"Organization\",\"@id\":\"https:\/\/firstblacks.org\/en\/#organization\",\"name\":\"First Blacks in The Americas\",\"url\":\"https:\/\/firstblacks.org\/en\/\",\"logo\":{\"@type\":\"ImageObject\",\"inLanguage\":\"es\",\"@id\":\"https:\/\/firstblacks.org\/en\/#\/schema\/logo\/image\/\",\"url\":\"https:\/\/firstblacks.org\/wp-content\/uploads\/2025\/02\/dsi-logo.jpg\",\"contentUrl\":\"https:\/\/firstblacks.org\/wp-content\/uploads\/2025\/02\/dsi-logo.jpg\",\"width\":240,\"height\":52,\"caption\":\"First Blacks in The Americas\"},\"image\":{\"@id\":\"https:\/\/firstblacks.org\/en\/#\/schema\/logo\/image\/\"}}]}<\/script>\n<!-- \/ Yoast SEO plugin. -->","yoast_head_json":{"title":"Manuscript No. 064 - First Blacks in The Americas","robots":{"index":"index","follow":"follow","max-snippet":"max-snippet:-1","max-image-preview":"max-image-preview:large","max-video-preview":"max-video-preview:-1"},"canonical":"https:\/\/firstblacks.org\/spn\/manuscripts\/fb-primary-064-manuscript\/","og_locale":"es_ES","og_type":"article","og_title":"Manuscript No. 064 - First Blacks in The Americas","og_description":"Manuscript Transcription Translation Commentary Manuscript &amp; Transcription Date:\u00a0\u00a0\u00a0\u00a0 1527, June 28. Valladolid, SpainTheme:\u00a0 In a letter to Mar\u00eda de Toledo, vicerein of La Espa\u00f1ola, the Spanish King (Charles V) mentions a previous\u00a0information received from the vicerein about an uprising of Blacks and natives in La Espa\u00f1ola.Source:\u00a0PARES, Portal de Archivos Espa\u00f1oles\u2014Archivo General de Indias, INDIFERENTE,421,L.12, F.135R-135V-2-Imagen [&hellip;]","og_url":"https:\/\/firstblacks.org\/spn\/manuscripts\/fb-primary-064-manuscript\/","og_site_name":"First Blacks in The Americas","article_modified_time":"2026-02-14T14:45:17+00:00","twitter_card":"summary_large_image","twitter_misc":{"Tiempo de lectura":"6 minutos"},"schema":{"@context":"https:\/\/schema.org","@graph":[{"@type":"WebPage","@id":"https:\/\/firstblacks.org\/manuscripts\/fb-primary-064-manuscript","url":"https:\/\/firstblacks.org\/manuscripts\/fb-primary-064-manuscript","name":"Manuscript No. 064 - First Blacks in The Americas","isPartOf":{"@id":"https:\/\/firstblacks.org\/en\/#website"},"datePublished":"2026-02-14T14:44:47+00:00","dateModified":"2026-02-14T14:45:17+00:00","breadcrumb":{"@id":"https:\/\/firstblacks.org\/manuscripts\/fb-primary-064-manuscript#breadcrumb"},"inLanguage":"es","potentialAction":[{"@type":"ReadAction","target":["https:\/\/firstblacks.org\/manuscripts\/fb-primary-064-manuscript"]}]},{"@type":"BreadcrumbList","@id":"https:\/\/firstblacks.org\/manuscripts\/fb-primary-064-manuscript#breadcrumb","itemListElement":[{"@type":"ListItem","position":1,"name":"Home","item":"https:\/\/firstblacks.org\/"},{"@type":"ListItem","position":2,"name":"Manuscripts","item":"https:\/\/firstblacks.org\/manuscripts"},{"@type":"ListItem","position":3,"name":"Manuscript No. 064"}]},{"@type":"WebSite","@id":"https:\/\/firstblacks.org\/en\/#website","url":"https:\/\/firstblacks.org\/en\/","name":"First Blacks in The Americas","description":"","publisher":{"@id":"https:\/\/firstblacks.org\/en\/#organization"},"potentialAction":[{"@type":"SearchAction","target":{"@type":"EntryPoint","urlTemplate":"https:\/\/firstblacks.org\/en\/?s={search_term_string}"},"query-input":{"@type":"PropertyValueSpecification","valueRequired":true,"valueName":"search_term_string"}}],"inLanguage":"es"},{"@type":"Organization","@id":"https:\/\/firstblacks.org\/en\/#organization","name":"First Blacks in The Americas","url":"https:\/\/firstblacks.org\/en\/","logo":{"@type":"ImageObject","inLanguage":"es","@id":"https:\/\/firstblacks.org\/en\/#\/schema\/logo\/image\/","url":"https:\/\/firstblacks.org\/wp-content\/uploads\/2025\/02\/dsi-logo.jpg","contentUrl":"https:\/\/firstblacks.org\/wp-content\/uploads\/2025\/02\/dsi-logo.jpg","width":240,"height":52,"caption":"First Blacks in The Americas"},"image":{"@id":"https:\/\/firstblacks.org\/en\/#\/schema\/logo\/image\/"}}]}},"_links":{"self":[{"href":"https:\/\/firstblacks.org\/spn\/wp-json\/wp\/v2\/pages\/3691","targetHints":{"allow":["GET"]}}],"collection":[{"href":"https:\/\/firstblacks.org\/spn\/wp-json\/wp\/v2\/pages"}],"about":[{"href":"https:\/\/firstblacks.org\/spn\/wp-json\/wp\/v2\/types\/page"}],"author":[{"embeddable":true,"href":"https:\/\/firstblacks.org\/spn\/wp-json\/wp\/v2\/users\/1"}],"replies":[{"embeddable":true,"href":"https:\/\/firstblacks.org\/spn\/wp-json\/wp\/v2\/comments?post=3691"}],"version-history":[{"count":4,"href":"https:\/\/firstblacks.org\/spn\/wp-json\/wp\/v2\/pages\/3691\/revisions"}],"predecessor-version":[{"id":3698,"href":"https:\/\/firstblacks.org\/spn\/wp-json\/wp\/v2\/pages\/3691\/revisions\/3698"}],"up":[{"embeddable":true,"href":"https:\/\/firstblacks.org\/spn\/wp-json\/wp\/v2\/pages\/2721"}],"wp:attachment":[{"href":"https:\/\/firstblacks.org\/spn\/wp-json\/wp\/v2\/media?parent=3691"}],"curies":[{"name":"wp","href":"https:\/\/api.w.org\/{rel}","templated":true}]}}