{"id":1742,"date":"2019-09-13T08:01:19","date_gmt":"2019-09-13T08:01:19","guid":{"rendered":"https:\/\/www.ninetheme.com\/themes\/elementor\/honshi\/?page_id=1742"},"modified":"2026-04-11T07:45:42","modified_gmt":"2026-04-11T07:45:42","slug":"first-blacks-in-the-americas-history-of-blacks-in-colonial-hispaniola","status":"publish","type":"page","link":"https:\/\/firstblacks.org\/spn\/","title":{"rendered":"First Blacks in The Americas \u2013 History of Blacks in Colonial Hispaniola"},"content":{"rendered":"<div data-elementor-type=\"wp-page\" data-elementor-id=\"1742\" class=\"elementor elementor-1742\" data-elementor-post-type=\"page\">\n\t\t\t\t<div class=\"elementor-element elementor-element-b76e1ef e-flex e-con-boxed e-con e-parent\" data-id=\"b76e1ef\" data-element_type=\"container\">\n\t\t\t\t\t<div class=\"e-con-inner\">\n\t\t\t\t<div class=\"elementor-element elementor-element-cef1700 elementor-arrows-position-inside elementor-pagination-position-outside elementor-widget elementor-widget-image-carousel\" data-id=\"cef1700\" data-element_type=\"widget\" data-settings=\"{&quot;slides_to_show&quot;:&quot;1&quot;,&quot;lazyload&quot;:&quot;yes&quot;,&quot;autoplay_speed&quot;:4000,&quot;navigation&quot;:&quot;both&quot;,&quot;autoplay&quot;:&quot;yes&quot;,&quot;pause_on_hover&quot;:&quot;yes&quot;,&quot;pause_on_interaction&quot;:&quot;yes&quot;,&quot;infinite&quot;:&quot;yes&quot;,&quot;effect&quot;:&quot;slide&quot;,&quot;speed&quot;:500}\" data-widget_type=\"image-carousel.default\">\n\t\t\t\t<div class=\"elementor-widget-container\">\n\t\t\t\t\t\t\t<div class=\"elementor-image-carousel-wrapper swiper\" role=\"region\" aria-roledescription=\"carousel\" aria-label=\"Image Carousel\" dir=\"ltr\">\n\t\t\t<div class=\"elementor-image-carousel swiper-wrapper\" aria-live=\"off\">\n\t\t\t\t\t\t\t\t<div class=\"swiper-slide\" role=\"group\" aria-roledescription=\"slide\" aria-label=\"1 of 8\"><figure class=\"swiper-slide-inner\"><img class=\"swiper-slide-image swiper-lazy\" data-src=\"https:\/\/firstblacks.org\/wp-content\/uploads\/2025\/02\/espanola-map-slider-caption-small.jpg\" alt=\"espan\u0303ola-map-slider-caption-small\" \/><div class=\"swiper-lazy-preloader\"><\/div><\/figure><\/div><div class=\"swiper-slide\" role=\"group\" aria-roledescription=\"slide\" aria-label=\"2 of 8\"><figure class=\"swiper-slide-inner\"><img class=\"swiper-slide-image swiper-lazy\" data-src=\"https:\/\/firstblacks.org\/wp-content\/uploads\/2025\/02\/trapiche-slider-caption.jpg\" alt=\"trapiche-slider-caption\" \/><div class=\"swiper-lazy-preloader\"><\/div><\/figure><\/div><div class=\"swiper-slide\" role=\"group\" aria-roledescription=\"slide\" aria-label=\"3 of 8\"><figure class=\"swiper-slide-inner\"><img class=\"swiper-slide-image swiper-lazy\" data-src=\"https:\/\/firstblacks.org\/wp-content\/uploads\/2025\/02\/luis-son-of-slave-manu-slider-caption.jpg\" alt=\"luis-son-of-slave-manu-slider-caption\" \/><div class=\"swiper-lazy-preloader\"><\/div><\/figure><\/div><div class=\"swiper-slide\" role=\"group\" aria-roledescription=\"slide\" aria-label=\"4 of 8\"><figure class=\"swiper-slide-inner\"><img class=\"swiper-slide-image swiper-lazy\" data-src=\"https:\/\/firstblacks.org\/wp-content\/uploads\/2025\/02\/alcazar-de-colon-caption-slider-small.jpg\" alt=\"alcazar-de-colon-caption-slider-small\" \/><div class=\"swiper-lazy-preloader\"><\/div><\/figure><\/div><div class=\"swiper-slide\" role=\"group\" aria-roledescription=\"slide\" aria-label=\"5 of 8\"><figure class=\"swiper-slide-inner\"><img class=\"swiper-slide-image swiper-lazy\" data-src=\"https:\/\/firstblacks.org\/wp-content\/uploads\/2025\/02\/st-nicholas-of-bari-hospital-slider-caption-small.jpg\" alt=\"st-nicholas-of-bari-hospital-slider-caption-small\" \/><div class=\"swiper-lazy-preloader\"><\/div><\/figure><\/div><div class=\"swiper-slide\" role=\"group\" aria-roledescription=\"slide\" aria-label=\"6 of 8\"><figure class=\"swiper-slide-inner\"><img class=\"swiper-slide-image swiper-lazy\" data-src=\"https:\/\/firstblacks.org\/wp-content\/uploads\/2025\/02\/boca-de-nigua-slider-caption600ppi.jpg\" alt=\"boca-de-nigua-slider-caption600ppi\" \/><div class=\"swiper-lazy-preloader\"><\/div><\/figure><\/div><div class=\"swiper-slide\" role=\"group\" aria-roledescription=\"slide\" aria-label=\"7 of 8\"><figure class=\"swiper-slide-inner\"><img class=\"swiper-slide-image swiper-lazy\" data-src=\"https:\/\/firstblacks.org\/wp-content\/uploads\/2025\/02\/ocoa-bay-slider-caption-small.jpg\" alt=\"ocoa-bay-slider-caption-small\" \/><div class=\"swiper-lazy-preloader\"><\/div><\/figure><\/div><div class=\"swiper-slide\" role=\"group\" aria-roledescription=\"slide\" aria-label=\"8 of 8\"><figure class=\"swiper-slide-inner\"><img class=\"swiper-slide-image swiper-lazy\" data-src=\"https:\/\/firstblacks.org\/wp-content\/uploads\/2025\/02\/alonso-zuazo-colonial-mill-slider-caption.jpg\" alt=\"alonso-zuazo-colonial-mill-slider-caption\" \/><div class=\"swiper-lazy-preloader\"><\/div><\/figure><\/div>\t\t\t<\/div>\n\t\t\t\t\t\t\t\t\t\t\t\t<div class=\"elementor-swiper-button elementor-swiper-button-prev\" role=\"button\" tabindex=\"0\">\n\t\t\t\t\t\t<svg aria-hidden=\"true\" class=\"e-font-icon-svg e-eicon-chevron-left\" viewbox=\"0 0 1000 1000\" xmlns=\"http:\/\/www.w3.org\/2000\/svg\"><path d=\"M646 125C629 125 613 133 604 142L308 442C296 454 292 471 292 487 292 504 296 521 308 533L604 854C617 867 629 875 646 875 663 875 679 871 692 858 704 846 713 829 713 812 713 796 708 779 692 767L438 487 692 225C700 217 708 204 708 187 708 171 704 154 692 142 675 129 663 125 646 125Z\"><\/path><\/svg>\t\t\t\t\t<\/div>\n\t\t\t\t\t<div class=\"elementor-swiper-button elementor-swiper-button-next\" role=\"button\" tabindex=\"0\">\n\t\t\t\t\t\t<svg aria-hidden=\"true\" class=\"e-font-icon-svg e-eicon-chevron-right\" viewbox=\"0 0 1000 1000\" xmlns=\"http:\/\/www.w3.org\/2000\/svg\"><path d=\"M696 533C708 521 713 504 713 487 713 471 708 454 696 446L400 146C388 133 375 125 354 125 338 125 325 129 313 142 300 154 292 171 292 187 292 204 296 221 308 233L563 492 304 771C292 783 288 800 288 817 288 833 296 850 308 863 321 871 338 875 354 875 371 875 388 867 400 854L696 533Z\"><\/path><\/svg>\t\t\t\t\t<\/div>\n\t\t\t\t\n\t\t\t\t\t\t\t\t\t<div class=\"swiper-pagination\"><\/div>\n\t\t\t\t\t\t\t\t\t<\/div>\n\t\t\t\t\t\t<\/div>\n\t\t\t\t<\/div>\n\t\t\t\t\t<\/div>\n\t\t\t\t<\/div>\n\t\t\t\t<section class=\"elementor-section elementor-top-section elementor-element elementor-element-c6ae111 elementor-section-content-middle elementor-section-boxed elementor-section-height-default elementor-section-height-default\" data-id=\"c6ae111\" data-element_type=\"section\" data-settings=\"{&quot;background_background&quot;:&quot;classic&quot;}\">\n\t\t\t\t\t\t<div class=\"elementor-container elementor-column-gap-default\">\n\t\t\t\t\t<div class=\"elementor-column elementor-col-50 elementor-top-column elementor-element elementor-element-eb5a336\" data-id=\"eb5a336\" data-element_type=\"column\">\n\t\t\t<div class=\"elementor-widget-wrap elementor-element-populated\">\n\t\t\t\t<div class=\"elementor-element elementor-element-2f9118b e-con-full e-flex e-con e-parent\" data-id=\"2f9118b\" data-element_type=\"container\">\n\t\t<div class=\"elementor-element elementor-element-201a06c e-con-full e-flex e-con e-child\" data-id=\"201a06c\" data-element_type=\"container\">\n\t\t\t\t<div class=\"elementor-element elementor-element-2d70184 elementor-widget__width-initial elementor-widget elementor-widget-image\" data-id=\"2d70184\" data-element_type=\"widget\" data-widget_type=\"image.default\">\n\t\t\t\t<div class=\"elementor-widget-container\">\n\t\t\t\t\t\t\t\t\t\t\t\t\t\t\t<img decoding=\"async\" width=\"16\" height=\"24\" src=\"https:\/\/firstblacks.org\/wp-content\/uploads\/2025\/02\/spotlight-icon.png\" class=\"attachment-full size-full wp-image-2271\" alt=\"\" srcset=\"https:\/\/firstblacks.org\/wp-content\/uploads\/2025\/02\/spotlight-icon.png 16w, https:\/\/firstblacks.org\/wp-content\/uploads\/2025\/02\/spotlight-icon-8x12.png 8w\" sizes=\"(max-width: 16px) 100vw, 16px\" \/>\t\t\t\t\t\t\t\t\t\t\t\t\t\t\t<\/div>\n\t\t\t\t<\/div>\n\t\t\t\t<div class=\"elementor-element elementor-element-0c71d20 elementor-widget elementor-widget-heading\" data-id=\"0c71d20\" data-element_type=\"widget\" data-widget_type=\"heading.default\">\n\t\t\t\t<div class=\"elementor-widget-container\">\n\t\t\t\t\t<h2 class=\"elementor-heading-title elementor-size-default\">En Foco<\/h2>\t\t\t\t<\/div>\n\t\t\t\t<\/div>\n\t\t\t\t<\/div>\n\t\t\t\t<\/div>\n\t\t\t\t<section class=\"elementor-section elementor-inner-section elementor-element elementor-element-33212ad elementor-section-content-middle elementor-section-boxed elementor-section-height-default elementor-section-height-default\" data-id=\"33212ad\" data-element_type=\"section\">\n\t\t\t\t\t\t<div class=\"elementor-container elementor-column-gap-default\">\n\t\t\t\t\t<div class=\"elementor-column elementor-col-100 elementor-inner-column elementor-element elementor-element-7e2ce90\" data-id=\"7e2ce90\" data-element_type=\"column\">\n\t\t\t<div class=\"elementor-widget-wrap elementor-element-populated\">\n\t\t\t\t\t\t<div class=\"elementor-element elementor-element-e5499db elementor-widget elementor-widget-text-editor\" data-id=\"e5499db\" data-element_type=\"widget\" data-widget_type=\"text-editor.default\">\n\t\t\t\t<div class=\"elementor-widget-container\">\n\t\t\t\t\t\t\t\t\t<h3><span style=\"color: #800000; font-size: 12pt;\"><a style=\"color: #800000;\" href=\"http:\/\/firstblacks.org\/spn\/summaries\/spotlight-short-announcing-activation-of-website\/\">EL INSTITUTO DE ESTUDIOS DOMINICANOS DE CUNY PRESENTA EL PORTAL \"FIRST BLACKS IN THE AMERICAS<\/a><\/span><\/h3><p><span style=\"color: #000000;\"><span style=\"font-size: 10pt;\">El INSTITUTO DE ESTUDIOS DOMINICANOS DE CUNY (CUNY DSI), una unidad de investigaci\u00f3n de la Universidad de la Ciudad de Nueva York alojada en el City College de Nueva York, ha anunciado la publicaci\u00f3n de su plataforma acad\u00e9mica y educativa en l\u00ednea \u201cPrimeros Negros en las Am\u00e9ricas\u201d,  el primer portal digital biling\u00fce dedicado a difundir la historia de los tempranos habitantes de origen negro-africano de la actual Rep\u00fablica Dominicana, entonces una colonia de Espa\u00f1a llamada La Espa\u00f1ola que ocupaba la isla entera de ese mismo nombre, compartida hoy por la Rep\u00fablica Dominicana y la Rep\u00fablica de Hait\u00ed.<\/span>\u00a0<span style=\"color: #ff6600; font-size: 12pt;\"><a style=\"color: #ff6600;\" href=\"http:\/\/firstblacks.org\/spn\/summaries\/announcing-activation-of-website-long\/\" target=\"_self\">Ver m\u00e1s...<\/a><\/span><\/span><\/p>\t\t\t\t\t\t\t\t<\/div>\n\t\t\t\t<\/div>\n\t\t\t\t\t<\/div>\n\t\t<\/div>\n\t\t\t\t\t<\/div>\n\t\t<\/section>\n\t\t\t\t\t<\/div>\n\t\t<\/div>\n\t\t\t\t<div class=\"elementor-column elementor-col-50 elementor-top-column elementor-element elementor-element-33b4b12\" data-id=\"33b4b12\" data-element_type=\"column\">\n\t\t\t<div class=\"elementor-widget-wrap elementor-element-populated\">\n\t\t\t\t<div class=\"elementor-element elementor-element-0b1f5c1 e-con-full e-flex e-con e-parent\" data-id=\"0b1f5c1\" data-element_type=\"container\">\n\t\t<div class=\"elementor-element elementor-element-8131157 e-con-full e-flex e-con e-child\" data-id=\"8131157\" data-element_type=\"container\">\n\t\t\t\t<div class=\"elementor-element elementor-element-d8b42aa elementor-widget__width-initial elementor-widget elementor-widget-image\" data-id=\"d8b42aa\" data-element_type=\"widget\" data-widget_type=\"image.default\">\n\t\t\t\t<div class=\"elementor-widget-container\">\n\t\t\t\t\t\t\t\t\t\t\t\t\t\t\t<img decoding=\"async\" width=\"29\" height=\"23\" src=\"https:\/\/firstblacks.org\/wp-content\/uploads\/2025\/02\/news-icon.png\" class=\"attachment-full size-full wp-image-2448\" alt=\"\" srcset=\"https:\/\/firstblacks.org\/wp-content\/uploads\/2025\/02\/news-icon.png 29w, https:\/\/firstblacks.org\/wp-content\/uploads\/2025\/02\/news-icon-15x12.png 15w\" sizes=\"(max-width: 29px) 100vw, 29px\" \/>\t\t\t\t\t\t\t\t\t\t\t\t\t\t\t<\/div>\n\t\t\t\t<\/div>\n\t\t\t\t<div class=\"elementor-element elementor-element-470a1c3 elementor-widget elementor-widget-heading\" data-id=\"470a1c3\" data-element_type=\"widget\" data-widget_type=\"heading.default\">\n\t\t\t\t<div class=\"elementor-widget-container\">\n\t\t\t\t\t<h2 class=\"elementor-heading-title elementor-size-default\">noticias<\/h2>\t\t\t\t<\/div>\n\t\t\t\t<\/div>\n\t\t\t\t<\/div>\n\t\t\t\t<\/div>\n\t\t\t\t<section class=\"elementor-section elementor-inner-section elementor-element elementor-element-d9b8468 elementor-section-content-middle elementor-section-boxed elementor-section-height-default elementor-section-height-default\" data-id=\"d9b8468\" data-element_type=\"section\">\n\t\t\t\t\t\t<div class=\"elementor-container elementor-column-gap-default\">\n\t\t\t\t\t<div class=\"elementor-column elementor-col-100 elementor-inner-column elementor-element elementor-element-b52bda5\" data-id=\"b52bda5\" data-element_type=\"column\">\n\t\t\t<div class=\"elementor-widget-wrap elementor-element-populated\">\n\t\t\t\t\t\t<div class=\"elementor-element elementor-element-4bf70e4 elementor-widget elementor-widget-text-editor\" data-id=\"4bf70e4\" data-element_type=\"widget\" data-widget_type=\"text-editor.default\">\n\t\t\t\t<div class=\"elementor-widget-container\">\n\t\t\t\t\t\t\t\t\t<h3><span style=\"color: #800000; font-size: 12pt;\"><a style=\"color: #800000;\" href=\"http:\/\/firstblacks.org\/spn\/summaries\/news-short-16-century-hispan-exhibit-available-\/\">LA EXPOSICI\u00d3N \u201cLA ESPA\u00d1OLA DEL SIGLO XVI\u201d, AHORA DISPONIBLE<\/a><\/span><\/h3><p><span style=\"color: #000000;\"><span style=\"font-size: 10pt;\">La novedosa exposici\u00f3n\u00a0<span style=\"color: #ff6600;\"><a style=\"color: #ff6600;\" href=\"http:\/\/ccnydigitalscholarship.org\/dsi-blacks-in-america\/\" target=\"_blank\" rel=\"noopener\">La Espa\u00f1ola del Siglo Diecis\u00e9is: Miradas a los primeros negros de la Am\u00e9rica Colonial<\/a>,<\/span> mostrada por primera vez en el Instituto de Estudios Dominicanos de CUNY entre los meses de marzo y agosto del 2015, se encuentra ahora disponible como exposici\u00f3n rodante para las instituciones interesadas.  La exposici\u00f3n est\u00e1 compuesta por 25 paneles de tama\u00f1o poster, cada uno resaltando un documento particular de La Espa\u00f1ola del siglo diecis\u00e9is que menciona uno o varios aspectos de las vidas de los habitantes negros de la primera colonia europea en las Am\u00e9ricas. Cada documento va acompa\u00f1ado por una transcripci\u00f3n paleogr\u00e1fica, una traducci\u00f3n al ingl\u00e9s, un comentario contextualizador, y una imagen de un lugar hist\u00f3rico de los tiempos coloniales de La Espa\u00f1ola.\u00a0<\/span><span style=\"font-size: 12pt; color: #ff6600;\"><a style=\"color: #ff6600;\" href=\"http:\/\/firstblacks.org\/spn\/summaries\/news-short-16-century-hispan-exhibit-available-\/\" target=\"_blank\" rel=\"noopener\">Ver m\u00e1s...<\/a><\/span><\/span><\/p>\t\t\t\t\t\t\t\t<\/div>\n\t\t\t\t<\/div>\n\t\t\t\t\t<\/div>\n\t\t<\/div>\n\t\t\t\t\t<\/div>\n\t\t<\/section>\n\t\t\t\t\t<\/div>\n\t\t<\/div>\n\t\t\t\t\t<\/div>\n\t\t<\/section>\n\t\t            <script>\n            (function($) {\n                \"use strict\";\n\n                var target = $('.elementor-element-c6ae111');\n\n                var NtParallaxElement = {\n\n                    init: function() {\n                        elementorFrontend.hooks.addAction('frontend\/element_ready\/global', NtParallaxElement.initWidget());\n                    },\n                    responsiveParallax: function(){\n                        var android = 1,\n                        ios = 1;\n                        switch( true || 1 ){\n                            case android && ios:\n                            return \/iPad|iPhone|iPod|Android\/;\n                            break;\n                            case android && ! ios:\n                            return \/Android\/;\n                            break;\n                            case ! android && ios:\n                            return \/iPad|iPhone|iPod\/;\n                            break;\n                            case ( ! android && ! ios ):\n                            return null;\n                        }\n                    },\n                    initWidget: function( $scope ) {\n                        target.jarallax({\n                            type: 'scroll',\n                            speed: 0.5,\n                            keepImg: true,\n                            disableParallax: NtParallaxElement.responsiveParallax()\n                        });\n                    }\n\n                };\n                $( window ).on('elementor\/frontend\/init', NtParallaxElement.init);\n            }( jQuery ) );\n        <\/script>\n        \t\t<\/div>","protected":false},"excerpt":{"rendered":"<p>Spotlight CUNY DOMINICAN STUDIES INSTITUTE PRESENTS &#8220;FIRST BLACKS IN THE AMERICAS&#8221; WEBSITE The CUNY DOMINICAN STUDIES INSTITUTE (CUNY DSI), a research unit of the City University of New York housed at The City College of New York, has announced the publication of their online academic and educational platform &#8220;First Blacks in the Americas,&#8221; the first [&hellip;]<\/p>","protected":false},"author":1,"featured_media":0,"parent":0,"menu_order":0,"comment_status":"closed","ping_status":"closed","template":"honshi-elementor-page.php","meta":{"_acf_changed":false,"footnotes":""},"class_list":["post-1742","page","type-page","status-publish","hentry"],"acf":[],"yoast_head":"<!-- This site is optimized with the Yoast SEO plugin v27.2 - https:\/\/yoast.com\/product\/yoast-seo-wordpress\/ -->\n<title>First Blacks in The Americas \u2013 History of Blacks in Colonial Hispaniola - First Blacks in The Americas<\/title>\n<meta name=\"description\" content=\"The first digital bilingual platform devoted to disseminating the history of the early inhabitants of Black-African ancestry of today&#039;s Dominican Republic.\" \/>\n<meta name=\"robots\" content=\"index, follow, max-snippet:-1, max-image-preview:large, max-video-preview:-1\" \/>\n<link rel=\"canonical\" href=\"https:\/\/firstblacks.org\/spn\/\" \/>\n<meta property=\"og:locale\" content=\"es_ES\" \/>\n<meta property=\"og:type\" content=\"article\" \/>\n<meta property=\"og:title\" content=\"First Blacks in The Americas \u2013 History of Blacks in Colonial Hispaniola - First Blacks in The Americas\" \/>\n<meta property=\"og:description\" content=\"The first digital bilingual platform devoted to disseminating the history of the early inhabitants of Black-African ancestry of today&#039;s Dominican Republic.\" \/>\n<meta property=\"og:url\" content=\"https:\/\/firstblacks.org\/spn\/\" \/>\n<meta property=\"og:site_name\" content=\"First Blacks in The Americas\" \/>\n<meta property=\"article:modified_time\" content=\"2026-04-11T07:45:42+00:00\" \/>\n<meta property=\"og:image\" content=\"http:\/\/firstblacks.org\/wp-content\/uploads\/2025\/02\/espanola-map-slider-caption-small.jpg\" \/>\n<meta name=\"twitter:card\" content=\"summary_large_image\" \/>\n<meta name=\"twitter:label1\" content=\"Tiempo de lectura\" \/>\n\t<meta name=\"twitter:data1\" content=\"3 minutos\" \/>\n<script type=\"application\/ld+json\" class=\"yoast-schema-graph\">{\"@context\":\"https:\/\/schema.org\",\"@graph\":[{\"@type\":\"WebPage\",\"@id\":\"https:\/\/firstblacks.org\/\",\"url\":\"https:\/\/firstblacks.org\/\",\"name\":\"First Blacks in The Americas \u2013 History of Blacks in Colonial Hispaniola - First Blacks in The Americas\",\"isPartOf\":{\"@id\":\"https:\/\/firstblacks.org\/en\/#website\"},\"primaryImageOfPage\":{\"@id\":\"https:\/\/firstblacks.org\/#primaryimage\"},\"image\":{\"@id\":\"https:\/\/firstblacks.org\/#primaryimage\"},\"thumbnailUrl\":\"http:\/\/firstblacks.org\/wp-content\/uploads\/2025\/02\/espanola-map-slider-caption-small.jpg\",\"datePublished\":\"2019-09-13T08:01:19+00:00\",\"dateModified\":\"2026-04-11T07:45:42+00:00\",\"description\":\"The first digital bilingual platform devoted to disseminating the history of the early inhabitants of Black-African ancestry of today's Dominican Republic.\",\"breadcrumb\":{\"@id\":\"https:\/\/firstblacks.org\/#breadcrumb\"},\"inLanguage\":\"es\",\"potentialAction\":[{\"@type\":\"ReadAction\",\"target\":[\"https:\/\/firstblacks.org\/\"]}]},{\"@type\":\"ImageObject\",\"inLanguage\":\"es\",\"@id\":\"https:\/\/firstblacks.org\/#primaryimage\",\"url\":\"http:\/\/firstblacks.org\/wp-content\/uploads\/2025\/02\/espanola-map-slider-caption-small.jpg\",\"contentUrl\":\"http:\/\/firstblacks.org\/wp-content\/uploads\/2025\/02\/espanola-map-slider-caption-small.jpg\"},{\"@type\":\"BreadcrumbList\",\"@id\":\"https:\/\/firstblacks.org\/#breadcrumb\",\"itemListElement\":[{\"@type\":\"ListItem\",\"position\":1,\"name\":\"Home\",\"item\":\"https:\/\/firstblacks.org\/\"},{\"@type\":\"ListItem\",\"position\":2,\"name\":\"First Blacks in The Americas \u2013 History of Blacks in Colonial Hispaniola\"}]},{\"@type\":\"WebSite\",\"@id\":\"https:\/\/firstblacks.org\/en\/#website\",\"url\":\"https:\/\/firstblacks.org\/en\/\",\"name\":\"First Blacks in The Americas\",\"description\":\"\",\"publisher\":{\"@id\":\"https:\/\/firstblacks.org\/en\/#organization\"},\"potentialAction\":[{\"@type\":\"SearchAction\",\"target\":{\"@type\":\"EntryPoint\",\"urlTemplate\":\"https:\/\/firstblacks.org\/en\/?s={search_term_string}\"},\"query-input\":{\"@type\":\"PropertyValueSpecification\",\"valueRequired\":true,\"valueName\":\"search_term_string\"}}],\"inLanguage\":\"es\"},{\"@type\":\"Organization\",\"@id\":\"https:\/\/firstblacks.org\/en\/#organization\",\"name\":\"First Blacks in The Americas\",\"url\":\"https:\/\/firstblacks.org\/en\/\",\"logo\":{\"@type\":\"ImageObject\",\"inLanguage\":\"es\",\"@id\":\"https:\/\/firstblacks.org\/en\/#\/schema\/logo\/image\/\",\"url\":\"https:\/\/firstblacks.org\/wp-content\/uploads\/2025\/02\/dsi-logo.jpg\",\"contentUrl\":\"https:\/\/firstblacks.org\/wp-content\/uploads\/2025\/02\/dsi-logo.jpg\",\"width\":240,\"height\":52,\"caption\":\"First Blacks in The Americas\"},\"image\":{\"@id\":\"https:\/\/firstblacks.org\/en\/#\/schema\/logo\/image\/\"}}]}<\/script>\n<!-- \/ Yoast SEO plugin. -->","yoast_head_json":{"title":"First Blacks in The Americas \u2013 History of Blacks in Colonial Hispaniola - First Blacks in The Americas","description":"The first digital bilingual platform devoted to disseminating the history of the early inhabitants of Black-African ancestry of today's Dominican Republic.","robots":{"index":"index","follow":"follow","max-snippet":"max-snippet:-1","max-image-preview":"max-image-preview:large","max-video-preview":"max-video-preview:-1"},"canonical":"https:\/\/firstblacks.org\/spn\/","og_locale":"es_ES","og_type":"article","og_title":"First Blacks in The Americas \u2013 History of Blacks in Colonial Hispaniola - First Blacks in The Americas","og_description":"The first digital bilingual platform devoted to disseminating the history of the early inhabitants of Black-African ancestry of today's Dominican Republic.","og_url":"https:\/\/firstblacks.org\/spn\/","og_site_name":"First Blacks in The Americas","article_modified_time":"2026-04-11T07:45:42+00:00","og_image":[{"url":"http:\/\/firstblacks.org\/wp-content\/uploads\/2025\/02\/espanola-map-slider-caption-small.jpg","type":"","width":"","height":""}],"twitter_card":"summary_large_image","twitter_misc":{"Tiempo de lectura":"3 minutos"},"schema":{"@context":"https:\/\/schema.org","@graph":[{"@type":"WebPage","@id":"https:\/\/firstblacks.org\/","url":"https:\/\/firstblacks.org\/","name":"First Blacks in The Americas \u2013 History of Blacks in Colonial Hispaniola - First Blacks in The Americas","isPartOf":{"@id":"https:\/\/firstblacks.org\/en\/#website"},"primaryImageOfPage":{"@id":"https:\/\/firstblacks.org\/#primaryimage"},"image":{"@id":"https:\/\/firstblacks.org\/#primaryimage"},"thumbnailUrl":"http:\/\/firstblacks.org\/wp-content\/uploads\/2025\/02\/espanola-map-slider-caption-small.jpg","datePublished":"2019-09-13T08:01:19+00:00","dateModified":"2026-04-11T07:45:42+00:00","description":"The first digital bilingual platform devoted to disseminating the history of the early inhabitants of Black-African ancestry of today's Dominican Republic.","breadcrumb":{"@id":"https:\/\/firstblacks.org\/#breadcrumb"},"inLanguage":"es","potentialAction":[{"@type":"ReadAction","target":["https:\/\/firstblacks.org\/"]}]},{"@type":"ImageObject","inLanguage":"es","@id":"https:\/\/firstblacks.org\/#primaryimage","url":"http:\/\/firstblacks.org\/wp-content\/uploads\/2025\/02\/espanola-map-slider-caption-small.jpg","contentUrl":"http:\/\/firstblacks.org\/wp-content\/uploads\/2025\/02\/espanola-map-slider-caption-small.jpg"},{"@type":"BreadcrumbList","@id":"https:\/\/firstblacks.org\/#breadcrumb","itemListElement":[{"@type":"ListItem","position":1,"name":"Home","item":"https:\/\/firstblacks.org\/"},{"@type":"ListItem","position":2,"name":"First Blacks in The Americas \u2013 History of Blacks in Colonial Hispaniola"}]},{"@type":"WebSite","@id":"https:\/\/firstblacks.org\/en\/#website","url":"https:\/\/firstblacks.org\/en\/","name":"First Blacks in The Americas","description":"","publisher":{"@id":"https:\/\/firstblacks.org\/en\/#organization"},"potentialAction":[{"@type":"SearchAction","target":{"@type":"EntryPoint","urlTemplate":"https:\/\/firstblacks.org\/en\/?s={search_term_string}"},"query-input":{"@type":"PropertyValueSpecification","valueRequired":true,"valueName":"search_term_string"}}],"inLanguage":"es"},{"@type":"Organization","@id":"https:\/\/firstblacks.org\/en\/#organization","name":"First Blacks in The Americas","url":"https:\/\/firstblacks.org\/en\/","logo":{"@type":"ImageObject","inLanguage":"es","@id":"https:\/\/firstblacks.org\/en\/#\/schema\/logo\/image\/","url":"https:\/\/firstblacks.org\/wp-content\/uploads\/2025\/02\/dsi-logo.jpg","contentUrl":"https:\/\/firstblacks.org\/wp-content\/uploads\/2025\/02\/dsi-logo.jpg","width":240,"height":52,"caption":"First Blacks in The Americas"},"image":{"@id":"https:\/\/firstblacks.org\/en\/#\/schema\/logo\/image\/"}}]}},"_links":{"self":[{"href":"https:\/\/firstblacks.org\/spn\/wp-json\/wp\/v2\/pages\/1742","targetHints":{"allow":["GET"]}}],"collection":[{"href":"https:\/\/firstblacks.org\/spn\/wp-json\/wp\/v2\/pages"}],"about":[{"href":"https:\/\/firstblacks.org\/spn\/wp-json\/wp\/v2\/types\/page"}],"author":[{"embeddable":true,"href":"https:\/\/firstblacks.org\/spn\/wp-json\/wp\/v2\/users\/1"}],"replies":[{"embeddable":true,"href":"https:\/\/firstblacks.org\/spn\/wp-json\/wp\/v2\/comments?post=1742"}],"version-history":[{"count":59,"href":"https:\/\/firstblacks.org\/spn\/wp-json\/wp\/v2\/pages\/1742\/revisions"}],"predecessor-version":[{"id":3732,"href":"https:\/\/firstblacks.org\/spn\/wp-json\/wp\/v2\/pages\/1742\/revisions\/3732"}],"wp:attachment":[{"href":"https:\/\/firstblacks.org\/spn\/wp-json\/wp\/v2\/media?parent=1742"}],"curies":[{"name":"wp","href":"https:\/\/api.w.org\/{rel}","templated":true}]}}